{"id":1043,"date":"2019-08-06T12:17:24","date_gmt":"2019-08-06T10:17:24","guid":{"rendered":"https:\/\/wootest.larali.at\/?post_type=product&#038;p=1043"},"modified":"2022-03-07T22:57:29","modified_gmt":"2022-03-07T21:57:29","slug":"familie-beanies","status":"publish","type":"product","link":"https:\/\/www.larali.at\/?product=familie-beanies","title":{"rendered":"Familienhaube"},"content":{"rendered":"<p>Hier k\u00f6nnt ihr Partnerlook M\u00fctzen f\u00fcr die ganze Familie anfertigen lassen. Auf Wunsch mit Personalisierung!<\/p>\n<p>Preis pro M\u00fctze &nbsp;<\/p>\n<hr>\n<p>&nbsp;<\/p>\n","protected":false},"excerpt":{"rendered":"<p>Coole M\u00fctzen f\u00fcr die ganze Familie,\u00a0auf Wunsch mit Personalisierung.<\/p>\n<p>Gen\u00e4ht aus dehnbarem Material.<\/p>\n<p><strong>Pflegehinweise<\/strong><\/p>\n<ul>\n<li>waschbar bei 30\u00b0C in der Waschmaschine (ohne Weichsp\u00fcler)<\/li>\n<li>bitte nicht in den Trockner geben<\/li>\n<\/ul>\n<p>&nbsp;<\/p>\n<p>&nbsp;<\/p>\n","protected":false},"featured_media":11824,"template":"","meta":{"advanced_seo_description":"","jetpack_seo_html_title":"","jetpack_seo_noindex":false},"product_brand":[],"product_cat":[40,33,15],"product_tag":[],"class_list":{"0":"post-1043","1":"product","2":"type-product","3":"status-publish","4":"has-post-thumbnail","6":"product_cat-applikation-name","7":"product_cat-uni-stoffe","8":"product_cat-unkategorisiert","10":"first","11":"instock","12":"purchasable","13":"product-type-simple"},"exclude_global_add_ons":false,"addons":[{"name":"Gr\u00f6\u00dfe","type":"multiple_choice","position":0,"required":true,"title_format":"label","default":"","description_enable":false,"description":"","placeholder_enable":false,"placeholder":"","display":"images","restrictions_type":"any_text","adjust_price":false,"price":"","price_type":"flat_fee","restrictions":false,"min":"0","max":"0","options":[{"label":"4-12 Monate","price":"","price_type":"flat_fee","image":2644,"visibility":true},{"label":"1-3 Jahre","price":"","price_type":"flat_fee","image":2648,"visibility":true},{"label":"3+ Jahre","price":"","price_type":"flat_fee","image":2649,"visibility":true},{"label":"Mama","price":"2","price_type":"flat_fee","image":2642,"visibility":true},{"label":"Papa","price":"2","price_type":"flat_fee","image":2643,"visibility":true},{"label":"6 - 9 Jahre","price":"","price_type":"flat_fee","image":10865,"visibility":true}]},{"name":"Personalisierung, Name","type":"custom_text","position":0,"required":false,"title_format":"label","default":"","description_enable":false,"description":"","placeholder_enable":false,"placeholder":"","display":"select","restrictions_type":"any_text","adjust_price":true,"price":"2","price_type":"flat_fee","restrictions":false,"min":"0","max":"0","options":[]},{"name":"Uni Stoffe","type":"multiple_choice","position":0,"required":true,"title_format":"label","default":"","description_enable":false,"description":"","placeholder_enable":false,"placeholder":"","display":"images","restrictions_type":"any_text","adjust_price":false,"price":"","price_type":"flat_fee","restrictions":false,"min":"0","max":"0","options":[{"label":"Beere","price":"","price_type":"flat_fee","image":1079,"visibility":true},{"label":"Rosa","price":"","price_type":"flat_fee","image":1081,"visibility":true},{"label":"Kamel","price":"","price_type":"flat_fee","image":1082,"visibility":true},{"label":"Braun","price":"","price_type":"flat_fee","image":1083,"visibility":true},{"label":"Dunkelgrau","price":"","price_type":"flat_fee","image":1084,"visibility":true},{"label":"Hellgrau","price":"","price_type":"flat_fee","image":1085,"visibility":true}],"id":1686782932}],"jetpack_sharing_enabled":true,"_links":{"self":[{"href":"https:\/\/www.larali.at\/index.php?rest_route=\/wp\/v2\/product\/1043","targetHints":{"allow":["GET"]}}],"collection":[{"href":"https:\/\/www.larali.at\/index.php?rest_route=\/wp\/v2\/product"}],"about":[{"href":"https:\/\/www.larali.at\/index.php?rest_route=\/wp\/v2\/types\/product"}],"wp:featuredmedia":[{"embeddable":true,"href":"https:\/\/www.larali.at\/index.php?rest_route=\/wp\/v2\/media\/11824"}],"wp:attachment":[{"href":"https:\/\/www.larali.at\/index.php?rest_route=%2Fwp%2Fv2%2Fmedia&parent=1043"}],"wp:term":[{"taxonomy":"product_brand","embeddable":true,"href":"https:\/\/www.larali.at\/index.php?rest_route=%2Fwp%2Fv2%2Fproduct_brand&post=1043"},{"taxonomy":"product_cat","embeddable":true,"href":"https:\/\/www.larali.at\/index.php?rest_route=%2Fwp%2Fv2%2Fproduct_cat&post=1043"},{"taxonomy":"product_tag","embeddable":true,"href":"https:\/\/www.larali.at\/index.php?rest_route=%2Fwp%2Fv2%2Fproduct_tag&post=1043"}],"curies":[{"name":"wp","href":"https:\/\/api.w.org\/{rel}","templated":true}]}}