{"id":1047,"date":"2019-08-06T12:30:19","date_gmt":"2019-08-06T10:30:19","guid":{"rendered":"https:\/\/wootest.larali.at\/?post_type=product&#038;p=1047"},"modified":"2019-09-18T10:07:46","modified_gmt":"2019-09-18T08:07:46","slug":"schlupfschal-winter","status":"publish","type":"product","link":"https:\/\/www.larali.at\/?product=schlupfschal-winter","title":{"rendered":"Schlupfschal Winter"},"content":{"rendered":"","protected":false},"excerpt":{"rendered":"<p>praktische Loop Schals f\u00fcr den Herbst und Winter<\/p>\n<p>gef\u00fcttert mit Fleece<\/p>\n<p>Die passende Beanie Haube \u00a0kann extra dazubestellt werden<\/p>\n<p>&nbsp;<\/p>\n<p>waschbar bei 30 grad<\/p>\n<p>bitte nicht in den Trockner<\/p>\n<p><strong>Pflegehinweise\u00a0<\/strong><\/p>\n<ul>\n<li>waschbar bei 30\u00b0C in der Waschmaschine (ohne Weichsp\u00fcler)<\/li>\n<li>bitte nicht in den Trockner geben<\/li>\n<\/ul>\n<p>&nbsp;<\/p>\n","protected":false},"featured_media":2601,"template":"","meta":{"advanced_seo_description":"","jetpack_seo_html_title":"","jetpack_seo_noindex":false},"product_brand":[],"product_cat":[32],"product_tag":[],"class_list":{"0":"post-1047","1":"product","2":"type-product","3":"status-publish","4":"has-post-thumbnail","6":"product_cat-jersey","8":"first","9":"instock","10":"purchasable","11":"product-type-simple"},"exclude_global_add_ons":false,"addons":[{"name":"Gr\u00f6\u00dfe","type":"multiple_choice","position":0,"required":true,"title_format":"label","default":"","description_enable":false,"description":"","placeholder_enable":false,"placeholder":"","display":"images","restrictions_type":"any_text","adjust_price":false,"price":"","price_type":"flat_fee","restrictions":false,"min":"0","max":"0","options":[{"label":"Neugeboren","price":"","price_type":"flat_fee","image":2656,"visibility":true},{"label":"4-12 Monate","price":"","price_type":"flat_fee","image":2644,"visibility":true},{"label":"1-3 Jahre","price":"","price_type":"flat_fee","image":2648,"visibility":true},{"label":"3+ Jahre","price":"","price_type":"flat_fee","image":2649,"visibility":true}]},{"name":"Jersey","type":"multiple_choice","position":0,"required":true,"title_format":"label","default":"","description_enable":false,"description":"","placeholder_enable":false,"placeholder":"","display":"images","restrictions_type":"any_text","adjust_price":false,"price":"","price_type":"flat_fee","restrictions":false,"min":"0","max":"0","options":[{"label":"Fuchs","price":"","price_type":"flat_fee","image":1493,"visibility":true},{"label":"Giraffe Gold","price":"","price_type":"flat_fee","image":1607,"visibility":true},{"label":"L\u00f6we gold auf gr\u00fcn","price":"","price_type":"flat_fee","image":1609,"visibility":true},{"label":"L\u00f6we gold auf grau","price":"","price_type":"flat_fee","image":1606,"visibility":true},{"label":"Wolke silber auf rosa","price":"","price_type":"flat_fee","image":1608,"visibility":true},{"label":"Gitzer K\u00e4fer","price":"","price_type":"flat_fee","image":1625,"visibility":true},{"label":"B\u00e4ren auf gr\u00fcn","price":"","price_type":"flat_fee","image":1622,"visibility":true},{"label":"Maulwurf","price":"","price_type":"flat_fee","image":1624,"visibility":true},{"label":"Tiger auf grau","price":"","price_type":"flat_fee","image":1623,"visibility":true},{"label":"Pinguine braun","price":"","price_type":"flat_fee","image":1750,"visibility":true},{"label":"Motte Glitzer","price":"","price_type":"flat_fee","image":2203,"visibility":true},{"label":"Glitzer Biene auf blau\/wei\u00df","price":"","price_type":"flat_fee","image":2204,"visibility":true},{"label":"Tanzende B\u00e4ren mint","price":"","price_type":"flat_fee","image":2208,"visibility":true},{"label":"F\u00e4cherblumen auf lila","price":"","price_type":"flat_fee","image":2206,"visibility":true},{"label":"Little Leo mint","price":"","price_type":"flat_fee","image":3536,"visibility":true},{"label":"Little Leo braun","price":"","price_type":"flat_fee","image":3535,"visibility":true},{"label":"Little Leo grau","price":"","price_type":"flat_fee","image":0,"visibility":true},{"label":"Pinguine auf grau","price":"","price_type":"flat_fee","image":3539,"visibility":true},{"label":"Dschungeltiere Sand","price":"","price_type":"flat_fee","image":3541,"visibility":true},{"label":"Herzen Rost","price":"","price_type":"flat_fee","image":3540,"visibility":true},{"label":"Waldtiere Creme","price":"","price_type":"flat_fee","image":3542,"visibility":true},{"label":"Pinguin mit Krone auf Senf","price":"","price_type":"flat_fee","image":7121,"visibility":true},{"label":"Dinos auf mint","price":"","price_type":"flat_fee","image":7116,"visibility":true},{"label":"Streublumen","price":"","price_type":"flat_fee","image":7118,"visibility":true},{"label":"H\u00e4schen mit gelber Schleife","price":"","price_type":"flat_fee","image":7115,"visibility":true},{"label":"B\u00e4ren auf cremewei\u00df","price":"","price_type":"flat_fee","image":7120,"visibility":true},{"label":"Streifen","price":"","price_type":"flat_fee","image":7117,"visibility":true},{"label":"Fahrrad dunkelrot","price":"","price_type":"flat_fee","image":7527,"visibility":true},{"label":"Reh Mango","price":"","price_type":"flat_fee","image":7528,"visibility":true},{"label":"Reh rosa","price":"","price_type":"flat_fee","image":7529,"visibility":true},{"label":"Reh blau","price":"","price_type":"flat_fee","image":7530,"visibility":true},{"label":"Regenbogen auf Creme","price":"","price_type":"flat_fee","image":7531,"visibility":true},{"label":"Autos braun","price":"","price_type":"flat_fee","image":7649,"visibility":true},{"label":"F\u00fcchse auf grau","price":"","price_type":"flat_fee","image":7648,"visibility":true},{"label":"Erdbeeren","price":"","price_type":"flat_fee","image":10399,"visibility":true},{"label":"Eucalyptus","price":"","price_type":"flat_fee","image":10398,"visibility":true},{"label":"B\u00e4r schwarz wei\u00df","price":"","price_type":"flat_fee","image":10412,"visibility":true},{"label":"Dino schwarz wei\u00df","price":"","price_type":"flat_fee","image":10411,"visibility":true},{"label":"Leo Senf","price":"","price_type":"flat_fee","image":10408,"visibility":true},{"label":"Leo offwhite","price":"","price_type":"flat_fee","image":10409,"visibility":true},{"label":"Leo Rost","price":"","price_type":"flat_fee","image":10410,"visibility":true},{"label":"Leo Olive","price":"","price_type":"flat_fee","image":10413,"visibility":true},{"label":"Elefanten auf Creme","price":"","price_type":"flat_fee","image":10464,"visibility":true},{"label":"Zebra Senf","price":"","price_type":"flat_fee","image":10469,"visibility":true},{"label":"Panda Melange blau","price":"","price_type":"flat_fee","image":10722,"visibility":true},{"label":"Fr\u00f6hliche \u00c4pfel creme","price":"","price_type":"flat_fee","image":10724,"visibility":true},{"label":"Dackel staubblau","price":"","price_type":"flat_fee","image":10726,"visibility":true},{"label":"Waschb\u00e4r","price":"","price_type":"flat_fee","image":10727,"visibility":true},{"label":"Elefanten altrosa","price":"","price_type":"flat_fee","image":10723,"visibility":true},{"label":"Lustige Tiere auf mintgr\u00fcn","price":"","price_type":"flat_fee","image":10797,"visibility":true},{"label":"Lustige Tiere auf rosa","price":"","price_type":"flat_fee","image":10798,"visibility":true},{"label":"Zebra auf mintgr\u00fcn","price":"","price_type":"flat_fee","image":10799,"visibility":true},{"label":"Dinos rostbraun","price":"","price_type":"flat_fee","image":10801,"visibility":true},{"label":"Zarte Streifen hellrosa wei\u00df","price":"","price_type":"flat_fee","image":10802,"visibility":true},{"label":"Streifen Senf wei\u00df","price":"","price_type":"flat_fee","image":10803,"visibility":true},{"label":"Streifen gr\u00fcn wei\u00df","price":"","price_type":"flat_fee","image":10804,"visibility":true},{"label":"Fairy animals auf grau","price":"","price_type":"flat_fee","image":10800,"visibility":true},{"label":"Fairy Animals auf wei\u00df","price":"","price_type":"flat_fee","image":0,"visibility":true},{"label":"Anker und Schiff auf dunkelgrau","price":"","price_type":"flat_fee","image":10870,"visibility":true},{"label":"Waschb\u00e4r auf hellblau","price":"","price_type":"flat_fee","image":10869,"visibility":true},{"label":"Marienk\u00e4fer","price":"","price_type":"flat_fee","image":10956,"visibility":true},{"label":"Uni dunkelblau","price":"","price_type":"flat_fee","image":10948,"visibility":true},{"label":"Uni Senf","price":"","price_type":"flat_fee","image":10949,"visibility":true},{"label":"Uni altrosa dunkel","price":"","price_type":"flat_fee","image":10947,"visibility":true},{"label":"Uni mint","price":"","price_type":"flat_fee","image":10946,"visibility":true},{"label":"Uni Rost","price":"","price_type":"flat_fee","image":10944,"visibility":true},{"label":"Uni grau","price":"","price_type":"flat_fee","image":10957,"visibility":true},{"label":"Splashy Elefant","price":"","price_type":"flat_fee","image":11146,"visibility":true},{"label":"Savanne","price":"","price_type":"flat_fee","image":11149,"visibility":true},{"label":"Biber","price":"","price_type":"flat_fee","image":11150,"visibility":true},{"label":"Retro Traktor","price":"","price_type":"flat_fee","image":11148,"visibility":true},{"label":"Blumenzweige altrosa","price":"","price_type":"flat_fee","image":11147,"visibility":true},{"label":"Flamingo","price":"","price_type":"flat_fee","image":11152,"visibility":true},{"label":"Hase Rose","price":"","price_type":"flat_fee","image":11153,"visibility":true},{"label":"Hase mint","price":"","price_type":"flat_fee","image":11155,"visibility":true},{"label":"B\u00e4ren im Wald","price":"","price_type":"flat_fee","image":11166,"visibility":true},{"label":"Hai mint","price":"","price_type":"flat_fee","image":11167,"visibility":true},{"label":"Bunte Punkte","price":"","price_type":"flat_fee","image":11168,"visibility":true},{"label":"Eicheln","price":"","price_type":"flat_fee","image":11170,"visibility":true},{"label":"Zitrone","price":"","price_type":"flat_fee","image":11169,"visibility":true},{"label":"Boho Bl\u00e4tter","price":"","price_type":"flat_fee","image":11171,"visibility":true},{"label":"Tapir","price":"","price_type":"flat_fee","image":11238,"visibility":true},{"label":"Zebra & Dachs","price":"","price_type":"flat_fee","image":11235,"visibility":true},{"label":"Igel beim Drachen steigen","price":"","price_type":"flat_fee","image":11234,"visibility":true},{"label":"Dachs und Fuchs beim Drachen steigen","price":"","price_type":"flat_fee","image":11239,"visibility":true},{"label":"Winter B\u00e4r","price":"","price_type":"flat_fee","image":11237,"visibility":true},{"label":"L\u00f6wenkopf","price":"","price_type":"flat_fee","image":11236,"visibility":true},{"label":"Bl\u00e4tter schwarz","price":"","price_type":"flat_fee","image":11282,"visibility":true},{"label":"Winter B\u00e4r Karamell","price":"","price_type":"flat_fee","image":11333,"visibility":true},{"label":"Bambi","price":"","price_type":"flat_fee","image":11330,"visibility":true},{"label":"Kleiner Fuchs","price":"","price_type":"flat_fee","image":11331,"visibility":true},{"label":"Baby Pinguin","price":"","price_type":"flat_fee","image":11334,"visibility":true},{"label":"Rotkehlchen","price":"","price_type":"flat_fee","image":11332,"visibility":true},{"label":"Karo Ziegel","price":"","price_type":"flat_fee","image":11335,"visibility":true},{"label":"Karo dunkelgrau","price":"","price_type":"flat_fee","image":11336,"visibility":true},{"label":"Blitz auf hellgrau","price":"","price_type":"flat_fee","image":11338,"visibility":true},{"label":"Super Hero dunkelgrau","price":"","price_type":"flat_fee","image":11342,"visibility":true},{"label":"Super Hero hellgrau","price":"","price_type":"flat_fee","image":11343,"visibility":true},{"label":"Dino Hellblau","price":"","price_type":"flat_fee","image":11344,"visibility":true},{"label":"Spinne","price":"","price_type":"flat_fee","image":11340,"visibility":true},{"label":"Geometrischer Fuchs","price":"","price_type":"flat_fee","image":11339,"visibility":true},{"label":"Verzauberter Wald","price":"","price_type":"flat_fee","image":11341,"visibility":true},{"label":"Babyb\u00e4r im Auto Pastell","price":"","price_type":"flat_fee","image":11337,"visibility":true},{"label":"Honigb\u00e4r","price":"","price_type":"flat_fee","image":11797,"visibility":true},{"label":"Pandaparty","price":"","price_type":"flat_fee","image":11796,"visibility":true},{"label":"Zauberhummel","price":"","price_type":"flat_fee","image":11795,"visibility":true},{"label":"Eichh\u00f6rnchen auf beige","price":"","price_type":"flat_fee","image":11794,"visibility":true},{"label":"Baby Dino","price":"","price_type":"flat_fee","image":11793,"visibility":true},{"label":"Einh\u00f6rner mit Baumwollpflanze","price":"","price_type":"flat_fee","image":11792,"visibility":true},{"label":"Fuchs mit Haselnuss blau","price":"","price_type":"flat_fee","image":11791,"visibility":true},{"label":"Waldfreunde gr\u00fcn","price":"","price_type":"flat_fee","image":11789,"visibility":true},{"label":"H\u00e4schen mit Pilz","price":"","price_type":"flat_fee","image":11790,"visibility":true},{"label":"Kleine L\u00f6wen Sand","price":"","price_type":"flat_fee","image":11935,"visibility":true},{"label":"Panda mint","price":"","price_type":"flat_fee","image":11933,"visibility":true},{"label":"H\u00e4schen im Hei\u00dfluftballon","price":"","price_type":"flat_fee","image":11934,"visibility":true},{"label":"L\u00f6wenk\u00f6pfe orange","price":"","price_type":"flat_fee","image":11936,"visibility":true},{"label":"Hase Aquarell","price":"","price_type":"flat_fee","image":12034,"visibility":true},{"label":"Tigerkopf Rost","price":"","price_type":"flat_fee","image":12035,"visibility":true},{"label":"Bauernhof","price":"","price_type":"flat_fee","image":12287,"visibility":true},{"label":"Ballettt\u00e4nzer Maus","price":"","price_type":"flat_fee","image":12286,"visibility":true},{"label":"Faultier","price":"","price_type":"flat_fee","image":12285,"visibility":true},{"label":"Boho Sonne mint","price":"","price_type":"flat_fee","image":12417,"visibility":true},{"label":"Boho Sonne Creme","price":"","price_type":"flat_fee","image":12418,"visibility":true},{"label":"Boho Sonne Koralle","price":"","price_type":"flat_fee","image":12419,"visibility":true},{"label":"Fuchskopf auf grau","price":"","price_type":"flat_fee","image":12530,"visibility":true},{"label":"Wild Leo gr\u00fcn","price":"","price_type":"flat_fee","image":12448,"visibility":true},{"label":"Einzelne Bl\u00fcmchen hellblau","price":"","price_type":"flat_fee","image":12452,"visibility":true},{"label":"Einzelne Bl\u00fcmchen mint","price":"","price_type":"flat_fee","image":12451,"visibility":true},{"label":"Einzelne Bl\u00fcmchen rostbraun","price":"","price_type":"flat_fee","image":12449,"visibility":true},{"label":"Einzelne Bl\u00fcmchen lachs","price":"","price_type":"flat_fee","image":12450,"visibility":true},{"label":"G\u00e4nse auf beige","price":"","price_type":"flat_fee","image":12462,"visibility":true},{"label":"Baustelle","price":"","price_type":"flat_fee","image":12457,"visibility":true},{"label":"Birnen","price":"","price_type":"flat_fee","image":12461,"visibility":true},{"label":"World","price":"","price_type":"flat_fee","image":12459,"visibility":true},{"label":"Storch","price":"","price_type":"flat_fee","image":12460,"visibility":true},{"label":"Orangen auf powder","price":"","price_type":"flat_fee","image":12474,"visibility":true},{"label":"Bl\u00e4tterzweige altrosa\/gelb","price":"","price_type":"flat_fee","image":12518,"visibility":true},{"label":"Bienenflug","price":"","price_type":"flat_fee","image":12526,"visibility":true},{"label":"F\u00fcchse im Wald","price":"","price_type":"flat_fee","image":12519,"visibility":true},{"label":"Rentier","price":"","price_type":"flat_fee","image":12532,"visibility":true},{"label":"Leopard mit Regenbogen","price":"","price_type":"flat_fee","image":12531,"visibility":true},{"label":"Hase mit Mond rosa","price":"","price_type":"flat_fee","image":13031,"visibility":true},{"label":"Fliegenpilz","price":"","price_type":"flat_fee","image":13030,"visibility":true},{"label":"Teddyb\u00e4r","price":"","price_type":"flat_fee","image":12534,"visibility":true},{"label":"Blumenwiese auf wei\u00df","price":"","price_type":"flat_fee","image":13046,"visibility":true},{"label":"Streublumen beige wei\u00df","price":"","price_type":"flat_fee","image":13025,"visibility":true},{"label":"Hei\u00dfluftballon","price":"","price_type":"flat_fee","image":13026,"visibility":true},{"label":"Apfel auf Salbei","price":"","price_type":"flat_fee","image":13020,"visibility":true},{"label":"Apfel auf rosa","price":"","price_type":"flat_fee","image":13047,"visibility":true},{"label":"Fuchskopf gr\u00fcn","price":"","price_type":"flat_fee","image":13022,"visibility":true},{"label":"Fuchskopf Rost","price":"","price_type":"flat_fee","image":13021,"visibility":true},{"label":"V\u00f6gel blush Waffel","price":"","price_type":"flat_fee","image":13575,"visibility":true},{"label":"V\u00f6gel Waffel rosa","price":"","price_type":"flat_fee","image":13576,"visibility":true},{"label":"V\u00f6gel Waffel beige","price":"","price_type":"flat_fee","image":13577,"visibility":true},{"label":"TeddyB\u00e4r auf gr\u00fcn","price":"","price_type":"flat_fee","image":13578,"visibility":true},{"label":"B\u00e4ume auf braun","price":"","price_type":"flat_fee","image":13579,"visibility":true},{"label":"Giraffen auf Creme","price":"","price_type":"flat_fee","image":13580,"visibility":true},{"label":"Leo Creme","price":"","price_type":"flat_fee","image":13581,"visibility":true},{"label":"Reh","price":"","price_type":"flat_fee","image":13934,"visibility":true},{"label":"Einsatz-Fahrzeuge","price":"","price_type":"flat_fee","image":13935,"visibility":true},{"label":"Pfirsich auf Creme","price":"","price_type":"flat_fee","image":13860,"visibility":true},{"label":"Zirtonen auf Creme","price":"","price_type":"flat_fee","image":13863,"visibility":true},{"label":"Sunrise creme","price":"","price_type":"flat_fee","image":13862,"visibility":true},{"label":"Blatt auf Creme","price":"","price_type":"flat_fee","image":13933,"visibility":true},{"label":"G\u00e4nse auf mint","price":"","price_type":"flat_fee","image":13861,"visibility":true},{"label":"Bunte Erdbeeren auf Creme","price":"","price_type":"flat_fee","image":13859,"visibility":true},{"label":"Hummeln auf sand","price":"","price_type":"flat_fee","image":13936,"visibility":true},{"label":"Feldblumen Creme","price":"","price_type":"flat_fee","image":0,"visibility":true},{"label":"Streifen Pastell","price":"","price_type":"flat_fee","image":13932,"visibility":true},{"label":"Herzen Pastell","price":"","price_type":"flat_fee","image":13931,"visibility":true},{"label":"S\u00fc\u00dfe Piraten","price":"","price_type":"flat_fee","image":14053,"visibility":true},{"label":"Regenbogen grau","price":"","price_type":"flat_fee","image":14051,"visibility":true},{"label":"Eiscreme ripp","price":"","price_type":"flat_fee","image":14464,"visibility":true},{"label":"Leo ripp","price":"","price_type":"flat_fee","image":14466,"visibility":true},{"label":"M\u00f6we","price":"","price_type":"flat_fee","image":14364,"visibility":true},{"label":"Dinos auf creme","price":"","price_type":"flat_fee","image":14460,"visibility":true},{"label":"Dschungeltiere auf Creme","price":"","price_type":"flat_fee","image":14462,"visibility":true},{"label":"Meerjungfrau","price":"","price_type":"flat_fee","image":14461,"visibility":true},{"label":"Kleine Pferde auf Creme","price":"","price_type":"flat_fee","image":14463,"visibility":true},{"label":"Pinguine auf Wei\u00df","price":"","price_type":"flat_fee","image":14465,"visibility":true},{"label":"Ripp Herzen rose","price":"","price_type":"flat_fee","image":14739,"visibility":true},{"label":"Ripp Herzen beige","price":"","price_type":"flat_fee","image":14741,"visibility":true},{"label":"Ripp Leo beige","price":"","price_type":"flat_fee","image":14742,"visibility":true},{"label":"Tierk\u00f6pfe schwarz\/weiss","price":"","price_type":"flat_fee","image":14887,"visibility":true},{"label":"L\u00f6wenkopf gross","price":"","price_type":"flat_fee","image":14879,"visibility":true},{"label":"Wei\u00dfe Blumen auf lila","price":"","price_type":"flat_fee","image":14880,"visibility":true},{"label":"Bunte Bl\u00fcten auf weiss","price":"","price_type":"flat_fee","image":14885,"visibility":true},{"label":"Blume und Biene auf rosa","price":"","price_type":"flat_fee","image":14886,"visibility":true},{"label":"Blumen auf gr\u00fcn","price":"","price_type":"flat_fee","image":14883,"visibility":true},{"label":"S\u00fc\u00dfer Apfel auf rosa","price":"","price_type":"flat_fee","image":14881,"visibility":true},{"label":"Coole Sonne","price":"","price_type":"flat_fee","image":14884,"visibility":true},{"label":"Wiesenblumen natur\/ rose","price":"","price_type":"flat_fee","image":14985,"visibility":true},{"label":"Raupe strukturiert","price":"","price_type":"flat_fee","image":15429,"visibility":true},{"label":"Fliegenpilz Strukturiert","price":"","price_type":"flat_fee","image":15425,"visibility":true},{"label":"Lila Tulpen strukturiert","price":"","price_type":"flat_fee","image":15428,"visibility":true},{"label":"Nashorn strukturiert","price":"","price_type":"flat_fee","image":15430,"visibility":true},{"label":"Autos rostfarben auf sand","price":"","price_type":"flat_fee","image":15427,"visibility":true},{"label":"Happy Apple Sand","price":"","price_type":"flat_fee","image":15426,"visibility":true},{"label":"Zauber H\u00e4schen","price":"","price_type":"flat_fee","image":15419,"visibility":true},{"label":"B\u00e4r & Biene","price":"","price_type":"flat_fee","image":15421,"visibility":true},{"label":"Schwan und Maus","price":"","price_type":"flat_fee","image":15420,"visibility":true},{"label":"Birnen auf rose","price":"","price_type":"flat_fee","image":15681,"visibility":true},{"label":"Leo ripp creme","price":"","price_type":"flat_fee","image":14740,"visibility":true},{"label":"Leo braun","price":"","price_type":"flat_fee","image":15733,"visibility":true},{"label":"G\u00e4nse","price":"","price_type":"flat_fee","image":15734,"visibility":true},{"label":"Einhorn","price":"","price_type":"flat_fee","image":15731,"visibility":true},{"label":"Krokodil im Auto","price":"","price_type":"flat_fee","image":15732,"visibility":true}],"id":1678228757}],"jetpack_sharing_enabled":true,"_links":{"self":[{"href":"https:\/\/www.larali.at\/index.php?rest_route=\/wp\/v2\/product\/1047","targetHints":{"allow":["GET"]}}],"collection":[{"href":"https:\/\/www.larali.at\/index.php?rest_route=\/wp\/v2\/product"}],"about":[{"href":"https:\/\/www.larali.at\/index.php?rest_route=\/wp\/v2\/types\/product"}],"wp:featuredmedia":[{"embeddable":true,"href":"https:\/\/www.larali.at\/index.php?rest_route=\/wp\/v2\/media\/2601"}],"wp:attachment":[{"href":"https:\/\/www.larali.at\/index.php?rest_route=%2Fwp%2Fv2%2Fmedia&parent=1047"}],"wp:term":[{"taxonomy":"product_brand","embeddable":true,"href":"https:\/\/www.larali.at\/index.php?rest_route=%2Fwp%2Fv2%2Fproduct_brand&post=1047"},{"taxonomy":"product_cat","embeddable":true,"href":"https:\/\/www.larali.at\/index.php?rest_route=%2Fwp%2Fv2%2Fproduct_cat&post=1047"},{"taxonomy":"product_tag","embeddable":true,"href":"https:\/\/www.larali.at\/index.php?rest_route=%2Fwp%2Fv2%2Fproduct_tag&post=1047"}],"curies":[{"name":"wp","href":"https:\/\/api.w.org\/{rel}","templated":true}]}}