{"id":1052,"date":"2019-08-06T12:38:37","date_gmt":"2019-08-06T10:38:37","guid":{"rendered":"https:\/\/wootest.larali.at\/?post_type=product&#038;p=1052"},"modified":"2019-10-23T21:30:20","modified_gmt":"2019-10-23T19:30:20","slug":"faeustlinge","status":"publish","type":"product","link":"https:\/\/www.larali.at\/?product=faeustlinge","title":{"rendered":"F\u00e4ustlinge"},"content":{"rendered":"","protected":false},"excerpt":{"rendered":"<p>Warme Handschuhe Wollwalk<\/p>\n<p>sch\u00f6ne warme F\u00e4ustlinge aus Wollwalk mit elastischem B\u00fcndchen erg\u00e4nzen unsere Babykleidung f\u00fcr den Winter.<\/p>\n<p><strong>Pflegehinweise<\/strong><\/p>\n<ul>\n<li>Handw\u00e4sche kalt<\/li>\n<li>bitte nicht in den Trockner geben<\/li>\n<\/ul>\n<p>&nbsp;<\/p>\n","protected":false},"featured_media":4027,"template":"","meta":{"advanced_seo_description":"","jetpack_seo_html_title":"","jetpack_seo_noindex":false},"product_brand":[],"product_cat":[34,29],"product_tag":[],"class_list":{"0":"post-1052","1":"product","2":"type-product","3":"status-publish","4":"has-post-thumbnail","6":"product_cat-buendchenstoff","7":"product_cat-wollwalk","9":"first","10":"instock","11":"purchasable","12":"product-type-simple"},"exclude_global_add_ons":false,"addons":[{"name":"Daumen","type":"multiple_choice","position":0,"required":true,"title_format":"label","default":"","description_enable":false,"description":"","placeholder_enable":false,"placeholder":"","display":"radiobutton","restrictions_type":"any_text","adjust_price":false,"price":"","price_type":"flat_fee","restrictions":false,"min":"0","max":"0","options":[{"label":"mit","price":"","price_type":"flat_fee","image":0,"visibility":true},{"label":"ohne","price":"","price_type":"flat_fee","image":0,"visibility":true}]},{"name":"Gr\u00f6\u00dfe","type":"multiple_choice","position":1,"required":true,"title_format":"label","default":"","description_enable":false,"description":"","placeholder_enable":false,"placeholder":"","display":"images","restrictions_type":"any_text","adjust_price":false,"price":"","price_type":"flat_fee","restrictions":false,"min":"0","max":"0","options":[{"label":"1-2 Jahre","price":"","price_type":"flat_fee","image":2653,"visibility":true},{"label":"2-4 Jahre","price":"","price_type":"flat_fee","image":2654,"visibility":true},{"label":"4-7 Jahre","price":"","price_type":"flat_fee","image":2655,"visibility":true}]},{"name":"B\u00fcndchenstoff","type":"multiple_choice","position":0,"required":true,"title_format":"label","default":"","description_enable":false,"description":"","placeholder_enable":false,"placeholder":"","display":"images","restrictions_type":"any_text","adjust_price":false,"price":"","price_type":"flat_fee","restrictions":false,"min":"0","max":"0","options":[{"label":"Gelb","price":"","price_type":"flat_fee","image":15524,"visibility":true},{"label":"Grau","price":"","price_type":"flat_fee","image":1090,"visibility":true},{"label":"Cremewei\u00df","price":"","price_type":"flat_fee","image":1092,"visibility":true},{"label":"Dunkelgrau","price":"","price_type":"flat_fee","image":1605,"visibility":true},{"label":"Sand","price":"","price_type":"flat_fee","image":11281,"visibility":true},{"label":"Mint","price":"","price_type":"flat_fee","image":15528,"visibility":true},{"label":"Beere","price":"","price_type":"flat_fee","image":15529,"visibility":true},{"label":"Karamell mit Streifen","price":"","price_type":"flat_fee","image":15520,"visibility":true},{"label":"Karamell","price":"","price_type":"flat_fee","image":15526,"visibility":true},{"label":"Meeresblau","price":"","price_type":"flat_fee","image":15522,"visibility":true}],"id":1760912443},{"name":"Wollwalk","type":"multiple_choice","position":0,"required":true,"title_format":"label","default":"","description_enable":true,"description":"Das Material Wollwalk isoliert die W\u00e4rme, ist temperaturausgleichend, atmungsaktiv und wasserabweisend. Ausserdem ist die Wolle schmutzabweisend, antibakteriell und sehr strapazierf\u00e4hig.","placeholder_enable":false,"placeholder":"","display":"images","restrictions_type":"any_text","adjust_price":false,"price":"","price_type":"flat_fee","restrictions":false,"min":"0","max":"0","options":[{"label":"Grau","price":"","price_type":"flat_fee","image":1086,"visibility":true},{"label":"Rost","price":"","price_type":"flat_fee","image":15515,"visibility":true},{"label":"Bordeaux","price":"","price_type":"flat_fee","image":1088,"visibility":true},{"label":"Violett","price":"","price_type":"flat_fee","image":1602,"visibility":true},{"label":"Aubergine","price":"","price_type":"flat_fee","image":1601,"visibility":true},{"label":"altrosa","price":"","price_type":"flat_fee","image":15506,"visibility":true},{"label":"curry","price":"","price_type":"flat_fee","image":15511,"visibility":true},{"label":"Sand","price":"","price_type":"flat_fee","image":15500,"visibility":true},{"label":"Lavendel","price":"","price_type":"flat_fee","image":15501,"visibility":true},{"label":"dunkelblau","price":"","price_type":"flat_fee","image":15504,"visibility":true},{"label":"Mint","price":"","price_type":"flat_fee","image":15502,"visibility":true},{"label":"Rot","price":"","price_type":"flat_fee","image":15513,"visibility":true},{"label":"Anthrazit","price":"","price_type":"flat_fee","image":15507,"visibility":true},{"label":"Altrosa dunkel","price":"","price_type":"flat_fee","image":4803,"visibility":true},{"label":"kalt braun","price":"","price_type":"flat_fee","image":10465,"visibility":true},{"label":"Hellblau","price":"","price_type":"flat_fee","image":15512,"visibility":true},{"label":"Mittelgrau","price":"","price_type":"flat_fee","image":11491,"visibility":true},{"label":"Blush","price":"","price_type":"flat_fee","image":13587,"visibility":true},{"label":"Creme","price":"","price_type":"flat_fee","image":15518,"visibility":true},{"label":"Dunkel beige","price":"","price_type":"flat_fee","image":15519,"visibility":true},{"label":"Petrol","price":"","price_type":"flat_fee","image":15514,"visibility":true},{"label":"hellmauve","price":"","price_type":"flat_fee","image":15516,"visibility":true},{"label":"Hellbeige","price":"","price_type":"flat_fee","image":15499,"visibility":true}],"id":1695812610}],"jetpack_sharing_enabled":true,"_links":{"self":[{"href":"https:\/\/www.larali.at\/index.php?rest_route=\/wp\/v2\/product\/1052","targetHints":{"allow":["GET"]}}],"collection":[{"href":"https:\/\/www.larali.at\/index.php?rest_route=\/wp\/v2\/product"}],"about":[{"href":"https:\/\/www.larali.at\/index.php?rest_route=\/wp\/v2\/types\/product"}],"wp:featuredmedia":[{"embeddable":true,"href":"https:\/\/www.larali.at\/index.php?rest_route=\/wp\/v2\/media\/4027"}],"wp:attachment":[{"href":"https:\/\/www.larali.at\/index.php?rest_route=%2Fwp%2Fv2%2Fmedia&parent=1052"}],"wp:term":[{"taxonomy":"product_brand","embeddable":true,"href":"https:\/\/www.larali.at\/index.php?rest_route=%2Fwp%2Fv2%2Fproduct_brand&post=1052"},{"taxonomy":"product_cat","embeddable":true,"href":"https:\/\/www.larali.at\/index.php?rest_route=%2Fwp%2Fv2%2Fproduct_cat&post=1052"},{"taxonomy":"product_tag","embeddable":true,"href":"https:\/\/www.larali.at\/index.php?rest_route=%2Fwp%2Fv2%2Fproduct_tag&post=1052"}],"curies":[{"name":"wp","href":"https:\/\/api.w.org\/{rel}","templated":true}]}}