{"id":1055,"date":"2019-08-06T12:42:48","date_gmt":"2019-08-06T10:42:48","guid":{"rendered":"https:\/\/wootest.larali.at\/?post_type=product&#038;p=1055"},"modified":"2021-11-17T09:22:22","modified_gmt":"2021-11-17T08:22:22","slug":"bettschlangen","status":"publish","type":"product","link":"https:\/\/www.larali.at\/?product=bettschlangen","title":{"rendered":"Tragecover Limited Edition"},"content":{"rendered":"<div style=\"width: 1140px;\" class=\"wp-video\"><video class=\"wp-video-shortcode\" id=\"video-1055-1\" width=\"1140\" height=\"641\" preload=\"metadata\" controls=\"controls\"><source type=\"video\/mp4\" src=\"https:\/\/www.larali.at\/wp-content\/uploads\/2019\/09\/larali-film.mp4?_=1\" \/><a href=\"https:\/\/www.larali.at\/wp-content\/uploads\/2019\/09\/larali-film.mp4\">https:\/\/www.larali.at\/wp-content\/uploads\/2019\/09\/larali-film.mp4<\/a><\/video><\/div>\n","protected":false},"excerpt":{"rendered":"<p class=\"p1\"><span class=\"s2\">Das Tragecover ist das Must Have f\u00fcr jede Tragemama und auch jeden Tragepapa! Ob unter oder \u00fcber der Jacke, beim vorne oder hinten tragen\u2026.mit dem Tragecover ist dein Baby wohlig warm bei Mama oder Papa eingekuschelt und wird bei Wind und Wetter zus\u00e4tzlich gesch\u00fctzt!<\/span><\/p>\n<p class=\"p1\"><span class=\"s2\">Zus\u00e4tzlich l\u00e4sst sich das Cover ganz prima als \u00dcberwurf f\u00fcr den Kinderwagen oder die Babyschale nutzen, aber auch toll als Wickelunterlage.<\/span><\/p>\n<p class=\"p1\"><span class=\"s2\">Das Tragecover besteht au\u00dfen aus einem wasser und windfestem Material und ist gef\u00fcttert mit kuschelwarmen Fleece.<\/span><\/p>\n<p class=\"p1\"><span class=\"s2\">Gr\u00f6\u00dfe:bis ca. 2 Jahre <\/span><\/p>\n<p class=\"p1\"><span class=\"s2\">\u00dcbergr\u00f6\u00dfe passend bis<span class=\"Apple-converted-space\">\u00a0 <\/span>ca 4 Jahre<\/span><\/p>\n<p class=\"p1\"><span class=\"s2\">Verwendete Materialien:<\/span><\/p>\n<p class=\"p1\"><span class=\"s2\">Au\u00dfen : 100% Polyester <\/span><\/p>\n<p class=\"p1\"><span class=\"s2\">Innen: 100% Polyester<\/span><\/p>\n<p><strong>Pflegehinweise<\/strong><\/p>\n<ul>\n<li>waschbar bei 30\u00b0C in der Waschmaschine (ohne Weichsp\u00fcler)<\/li>\n<li>bitte nicht in den Trockner geben<\/li>\n<\/ul>\n<p>&nbsp;<\/p>\n","protected":false},"featured_media":1810,"template":"","meta":{"advanced_seo_description":"","jetpack_seo_html_title":"","jetpack_seo_noindex":false},"product_brand":[],"product_cat":[31,37],"product_tag":[],"class_list":{"0":"post-1055","1":"product","2":"type-product","3":"status-publish","4":"has-post-thumbnail","6":"product_cat-fleece","7":"product_cat-limited-edition","9":"first","10":"instock","11":"purchasable","12":"product-type-simple"},"exclude_global_add_ons":false,"addons":[{"name":"Gr\u00f6\u00dfe","type":"multiple_choice","position":0,"required":false,"title_format":"label","default":"","description_enable":false,"description":"","placeholder_enable":false,"placeholder":"","display":"select","restrictions_type":"any_text","adjust_price":false,"price":"","price_type":"flat_fee","restrictions":false,"min":"0","max":"0","options":[{"label":"\u00dcbergr\u00f6\u00dfe (bis Gr\u00f6\u00dfe 104)","price":"15","price_type":"flat_fee","image":0,"visibility":true}]},{"name":"Fleece","type":"multiple_choice","position":0,"required":true,"title_format":"label","default":"","description_enable":true,"description":"kuschelig weich und warm ","placeholder_enable":false,"placeholder":"","display":"images","restrictions_type":"any_text","adjust_price":false,"price":"","price_type":"flat_fee","restrictions":false,"min":"0","max":"0","options":[{"label":"Dunkelblau","price":"","price_type":"flat_fee","image":1674,"visibility":true},{"label":"Rauchblau","price":"","price_type":"flat_fee","image":4805,"visibility":true},{"label":"T\u00fcrkis","price":"","price_type":"flat_fee","image":1675,"visibility":true},{"label":"Grau","price":"","price_type":"flat_fee","image":2236,"visibility":true},{"label":"Taupe","price":"","price_type":"flat_fee","image":1677,"visibility":true},{"label":"Moos","price":"","price_type":"flat_fee","image":1684,"visibility":true},{"label":"Curry","price":"","price_type":"flat_fee","image":1679,"visibility":true},{"label":"Mint hell","price":"","price_type":"flat_fee","image":1686,"visibility":true},{"label":"mint dunkel","price":"","price_type":"flat_fee","image":1687,"visibility":true},{"label":"Beige","price":"","price_type":"flat_fee","image":3538,"visibility":true},{"label":"Dunkelrot","price":"","price_type":"flat_fee","image":4806,"visibility":true},{"label":"Rot","price":"","price_type":"flat_fee","image":4807,"visibility":true},{"label":"Rost","price":"","price_type":"flat_fee","image":1694,"visibility":true},{"label":"Rosa","price":"","price_type":"flat_fee","image":1697,"visibility":true},{"label":"Altrosa hell","price":"","price_type":"flat_fee","image":4804,"visibility":true},{"label":"Altrosa pink","price":"","price_type":"flat_fee","image":4803,"visibility":true},{"label":"Lila","price":"","price_type":"flat_fee","image":2235,"visibility":true},{"label":"Formen rosa grau","price":"","price_type":"flat_fee","image":1688,"visibility":true},{"label":"Tierwelt pink","price":"","price_type":"flat_fee","image":1690,"visibility":true},{"label":"Triangel rose","price":"","price_type":"flat_fee","image":1692,"visibility":true},{"label":"Sterne bunt","price":"","price_type":"flat_fee","image":1693,"visibility":true},{"label":"Geo schwarz\/wei\u00df","price":"","price_type":"flat_fee","image":1698,"visibility":true},{"label":"Dots blau rot wei\u00df","price":"","price_type":"flat_fee","image":1618,"visibility":true},{"label":"bunte Blumen auf grau","price":"","price_type":"flat_fee","image":1621,"visibility":true},{"label":"bunte Blumen auf blau","price":"","price_type":"flat_fee","image":1619,"visibility":true}]},{"name":"Limited Edition","type":"multiple_choice","position":0,"required":true,"title_format":"label","default":"","description_enable":false,"description":"","placeholder_enable":false,"placeholder":"","display":"images","restrictions_type":"any_text","adjust_price":false,"price":"","price_type":"flat_fee","restrictions":false,"min":"0","max":"0","options":[{"label":"Wolken grau","price":"","price_type":"flat_fee","image":1818,"visibility":true},{"label":"Wolken schwarz","price":"","price_type":"flat_fee","image":1815,"visibility":true},{"label":"Sterne gelb","price":"","price_type":"flat_fee","image":1816,"visibility":true},{"label":"Sterne Koralle","price":"","price_type":"flat_fee","image":1817,"visibility":true}]}],"jetpack_sharing_enabled":true,"_links":{"self":[{"href":"https:\/\/www.larali.at\/index.php?rest_route=\/wp\/v2\/product\/1055","targetHints":{"allow":["GET"]}}],"collection":[{"href":"https:\/\/www.larali.at\/index.php?rest_route=\/wp\/v2\/product"}],"about":[{"href":"https:\/\/www.larali.at\/index.php?rest_route=\/wp\/v2\/types\/product"}],"wp:featuredmedia":[{"embeddable":true,"href":"https:\/\/www.larali.at\/index.php?rest_route=\/wp\/v2\/media\/1810"}],"wp:attachment":[{"href":"https:\/\/www.larali.at\/index.php?rest_route=%2Fwp%2Fv2%2Fmedia&parent=1055"}],"wp:term":[{"taxonomy":"product_brand","embeddable":true,"href":"https:\/\/www.larali.at\/index.php?rest_route=%2Fwp%2Fv2%2Fproduct_brand&post=1055"},{"taxonomy":"product_cat","embeddable":true,"href":"https:\/\/www.larali.at\/index.php?rest_route=%2Fwp%2Fv2%2Fproduct_cat&post=1055"},{"taxonomy":"product_tag","embeddable":true,"href":"https:\/\/www.larali.at\/index.php?rest_route=%2Fwp%2Fv2%2Fproduct_tag&post=1055"}],"curies":[{"name":"wp","href":"https:\/\/api.w.org\/{rel}","templated":true}]}}