{"id":12141,"date":"2022-06-27T23:09:26","date_gmt":"2022-06-27T21:09:26","guid":{"rendered":"https:\/\/www.larali.at\/?post_type=product&#038;p=12141"},"modified":"2022-06-27T23:16:03","modified_gmt":"2022-06-27T21:16:03","slug":"sonnenmuetze-mit-schirm","status":"publish","type":"product","link":"https:\/\/www.larali.at\/?product=sonnenmuetze-mit-schirm","title":{"rendered":"Sonnenm\u00fctze mit Schirm"},"content":{"rendered":"<p>Tolle Sommerm\u00fctze mit mitwachsendem Schnitt.<\/p>\n<p>Ideal f\u00fcr hei\u00dfe Tage, einlagig Musselin.<\/p>\n<p>Waschbar bei 30 grad, nicht in den Trockner<\/p>\n","protected":false},"excerpt":{"rendered":"<p>Tolle Sommerm\u00fctze mit mitwachsendem Schnitt. Ideal f\u00fcr hei\u00dfe Tage, einlagig Musselin. Waschbar bei 30 grad, nicht in den Trockner<\/p>\n","protected":false},"featured_media":12145,"template":"","meta":{"advanced_seo_description":"","jetpack_seo_html_title":"","jetpack_seo_noindex":false},"product_brand":[],"product_cat":[28],"product_tag":[],"class_list":{"0":"post-12141","1":"product","2":"type-product","3":"status-publish","4":"has-post-thumbnail","6":"product_cat-musselin","8":"first","9":"instock","10":"shipping-taxable","11":"purchasable","12":"product-type-variable"},"exclude_global_add_ons":false,"addons":[{"name":"Musselin","type":"multiple_choice","position":0,"required":true,"title_format":"label","default":"","description_enable":true,"description":"Musselin ist ein atmungsaktives, sehr biegsames und sanftes Material, ideal f\u00fcr den empfindlichen Hauttyp von kleinen Babys und Kindern. ","placeholder_enable":false,"placeholder":"","display":"images","restrictions_type":"any_text","adjust_price":false,"price":"","price_type":"flat_fee","restrictions":false,"min":"0","max":"0","options":[{"label":"hellgrau","price":"","price_type":"flat_fee","image":852,"visibility":true},{"label":"Ecru","price":"","price_type":"flat_fee","image":1749,"visibility":true},{"label":"senfgelb","price":"","price_type":"flat_fee","image":848,"visibility":true},{"label":"hellblau","price":"","price_type":"flat_fee","image":847,"visibility":true},{"label":"mint","price":"","price_type":"flat_fee","image":846,"visibility":true},{"label":"dunkelblau","price":"","price_type":"flat_fee","image":844,"visibility":true},{"label":"dunkelgrau","price":"","price_type":"flat_fee","image":1747,"visibility":true},{"label":"Orange","price":"","price_type":"flat_fee","image":841,"visibility":true},{"label":"Zitronengelb","price":"","price_type":"flat_fee","image":839,"visibility":true},{"label":"soft Salmon","price":"","price_type":"flat_fee","image":1739,"visibility":true},{"label":"Sand","price":"","price_type":"flat_fee","image":1748,"visibility":true},{"label":"altrosa","price":"","price_type":"flat_fee","image":1745,"visibility":true},{"label":"bright rose","price":"","price_type":"flat_fee","image":833,"visibility":true},{"label":"Heidelbeere","price":"","price_type":"flat_fee","image":832,"visibility":true},{"label":"Altgr\u00fcn","price":"","price_type":"flat_fee","image":1758,"visibility":true},{"label":"Kamel","price":"","price_type":"flat_fee","image":1740,"visibility":true},{"label":"Salmon","price":"","price_type":"flat_fee","image":1741,"visibility":true},{"label":"Rost","price":"","price_type":"flat_fee","image":1738,"visibility":true},{"label":"Sterne Altrosa","price":"","price_type":"flat_fee","image":878,"visibility":true},{"label":"schwarze Punkte auf pink","price":"","price_type":"flat_fee","image":875,"visibility":true},{"label":"Dots rot","price":"","price_type":"flat_fee","image":871,"visibility":true},{"label":"Dots Himbeere","price":"","price_type":"flat_fee","image":869,"visibility":true},{"label":"Pfeile pink","price":"","price_type":"flat_fee","image":866,"visibility":true},{"label":"Palme dunkelgrau","price":"","price_type":"flat_fee","image":855,"visibility":true},{"label":"Feder grau","price":"","price_type":"flat_fee","image":11109,"visibility":true},{"label":"Bl\u00fcmchen mint","price":"","price_type":"flat_fee","image":822,"visibility":true},{"label":"Tiny Anker schwarz auf braun","price":"","price_type":"flat_fee","image":814,"visibility":true},{"label":"Dots dunkelgrau","price":"","price_type":"flat_fee","image":2358,"visibility":true},{"label":"Tiny Anker schwarz auf grau","price":"","price_type":"flat_fee","image":1229,"visibility":true},{"label":"tiny Anker wei\u00df auf pink","price":"","price_type":"flat_fee","image":1759,"visibility":true},{"label":"tanzende Anker altrosa","price":"","price_type":"flat_fee","image":12090,"visibility":true},{"label":"Dots Rost","price":"","price_type":"flat_fee","image":3331,"visibility":true},{"label":"Regenbogen auf ecru","price":"","price_type":"flat_fee","image":3330,"visibility":true},{"label":"Regenbogen auf Lachs","price":"","price_type":"flat_fee","image":3329,"visibility":true},{"label":"Leo Beere","price":"","price_type":"flat_fee","image":3328,"visibility":true},{"label":"Kirschen auf Hellgrau","price":"","price_type":"flat_fee","image":5009,"visibility":true},{"label":"Leo mint\/wei\u00df","price":"","price_type":"flat_fee","image":5716,"visibility":true},{"label":"Kirschen auf rosa","price":"","price_type":"flat_fee","image":5729,"visibility":true},{"label":"wei\u00dfe Sterne auf Altrosa","price":"","price_type":"flat_fee","image":5728,"visibility":true},{"label":"wei\u00dfe Sterne auf Rost","price":"","price_type":"flat_fee","image":5722,"visibility":true},{"label":"Streifen schwarz \/wei\u00df","price":"","price_type":"flat_fee","image":5721,"visibility":true},{"label":"Streifen Rost\/wei\u00df","price":"","price_type":"flat_fee","image":5720,"visibility":true},{"label":"Goldene Schmetterlinge auf Senf","price":"","price_type":"flat_fee","image":7653,"visibility":true},{"label":"Little Leo blau","price":"","price_type":"flat_fee","image":7642,"visibility":true},{"label":"Little Leo ecru","price":"","price_type":"flat_fee","image":7644,"visibility":true},{"label":"Little Leo Rose","price":"","price_type":"flat_fee","image":7643,"visibility":true},{"label":"Leo Blutorange","price":"","price_type":"flat_fee","image":7646,"visibility":true},{"label":"Happy clouds orange rosa","price":"","price_type":"flat_fee","image":7650,"visibility":true},{"label":"gepunktete Sterne auf dunkelgrau","price":"","price_type":"flat_fee","image":8799,"visibility":true},{"label":"Gepunktete Sterne auf altrosa","price":"","price_type":"flat_fee","image":8801,"visibility":true},{"label":"Leo Rost","price":"","price_type":"flat_fee","image":8800,"visibility":true},{"label":"Leo blaugr\u00fcn","price":"","price_type":"flat_fee","image":8803,"visibility":true},{"label":"Goldene streifen ecru","price":"","price_type":"flat_fee","image":9009,"visibility":true},{"label":"Goldene streifen Senf","price":"","price_type":"flat_fee","image":9005,"visibility":true},{"label":"Staublila","price":"","price_type":"flat_fee","image":10916,"visibility":true},{"label":"Ananas rosa","price":"","price_type":"flat_fee","image":9894,"visibility":true},{"label":"Ananas auf Creme","price":"","price_type":"flat_fee","image":9895,"visibility":true},{"label":"Little bunny Lachs","price":"","price_type":"flat_fee","image":10472,"visibility":true},{"label":"Goldene Streifen auf Beere","price":"","price_type":"flat_fee","image":10470,"visibility":true},{"label":"Goldene Streifen Aprikose","price":"","price_type":"flat_fee","image":10471,"visibility":true},{"label":"Dreiecke dunkelgrau","price":"","price_type":"flat_fee","image":10687,"visibility":true},{"label":"Blumenzweige rosa","price":"","price_type":"flat_fee","image":10538,"visibility":true},{"label":"Blumenzweige mint","price":"","price_type":"flat_fee","image":10539,"visibility":true},{"label":"Tanzende Regenbogen Senfgelb","price":"","price_type":"flat_fee","image":10689,"visibility":true},{"label":"Leo Senf","price":"","price_type":"flat_fee","image":10693,"visibility":true},{"label":"Streifen hellrosa","price":"","price_type":"flat_fee","image":10697,"visibility":true},{"label":"Streifen pink","price":"","price_type":"flat_fee","image":10698,"visibility":true},{"label":"Streifen Rost","price":"","price_type":"flat_fee","image":10699,"visibility":true},{"label":"Streifen Senfgelb","price":"","price_type":"flat_fee","image":10700,"visibility":true},{"label":"Streifen Zitronengelb","price":"","price_type":"flat_fee","image":10701,"visibility":true},{"label":"Streifen Kamille","price":"","price_type":"flat_fee","image":10695,"visibility":true},{"label":"Lime","price":"","price_type":"flat_fee","image":10715,"visibility":true},{"label":"Apricot","price":"","price_type":"flat_fee","image":10716,"visibility":true},{"label":"Samba rot","price":"","price_type":"flat_fee","image":10717,"visibility":true},{"label":"Army","price":"","price_type":"flat_fee","image":10718,"visibility":true},{"label":"Jeansblau","price":"","price_type":"flat_fee","image":10761,"visibility":true},{"label":"Regenbogen Senf auf wei\u00df","price":"","price_type":"flat_fee","image":10817,"visibility":true},{"label":"Regenbogen Senf auf rosa","price":"","price_type":"flat_fee","image":10815,"visibility":true},{"label":"Regenbogen wei\u00df auf Rost","price":"","price_type":"flat_fee","image":10816,"visibility":true},{"label":"Regenbogen Rost auf mint","price":"","price_type":"flat_fee","image":10851,"visibility":true},{"label":"Regenbogen Rost auf Sand","price":"","price_type":"flat_fee","image":10852,"visibility":true},{"label":"Kleine Kirschen auf Lachs hell","price":"","price_type":"flat_fee","image":10853,"visibility":true},{"label":"Sunset Haselnuss","price":"","price_type":"flat_fee","image":10855,"visibility":true},{"label":"Schwarze Tupfen auf Senf","price":"","price_type":"flat_fee","image":10854,"visibility":true},{"label":"Schwarze Tupfen auf altrosa","price":"","price_type":"flat_fee","image":10856,"visibility":true},{"label":"Sternchen auf Sand","price":"","price_type":"flat_fee","image":10943,"visibility":true},{"label":"Sternchen auf Altrosa","price":"","price_type":"flat_fee","image":10939,"visibility":true},{"label":"Bestickter Musselin Mint Blume","price":"","price_type":"flat_fee","image":10858,"visibility":true},{"label":"Bestickter Musselin Sand Blume","price":"","price_type":"flat_fee","image":10861,"visibility":true},{"label":"Bestickter Musselin Creme Blume","price":"","price_type":"flat_fee","image":10860,"visibility":true},{"label":"Sternchen Creme","price":"","price_type":"flat_fee","image":10941,"visibility":true},{"label":"Mittelgro\u00dfe Regenbogen mint","price":"","price_type":"flat_fee","image":10940,"visibility":true},{"label":"Sunset orange\/Sand","price":"","price_type":"flat_fee","image":11006,"visibility":true},{"label":"Regenbogen Gro\u00df Senf","price":"","price_type":"flat_fee","image":11053,"visibility":true},{"label":"Uni pink","price":"","price_type":"flat_fee","image":11054,"visibility":true},{"label":"Cotton Candy Streifen","price":"","price_type":"flat_fee","image":11080,"visibility":true},{"label":"Pistazie Streifen","price":"","price_type":"flat_fee","image":11079,"visibility":true},{"label":"Aqua Streifen","price":"","price_type":"flat_fee","image":11078,"visibility":true},{"label":"Kleine wei\u00dfe \u00c4pfel auf rosa","price":"","price_type":"flat_fee","image":11110,"visibility":true},{"label":"Herbstbl\u00e4tter auf Creme","price":"","price_type":"flat_fee","image":11120,"visibility":true},{"label":"Sternchen Senf auf grau","price":"","price_type":"flat_fee","image":11122,"visibility":true},{"label":"Schwarze Tupfen auf gr\u00fcnblau","price":"","price_type":"flat_fee","image":11154,"visibility":true},{"label":"Igel Aprikose","price":"","price_type":"flat_fee","image":11500,"visibility":true},{"label":"Igel Hellblau","price":"","price_type":"flat_fee","image":11493,"visibility":true},{"label":"Muscheln braun auf mint","price":"","price_type":"flat_fee","image":11698,"visibility":true},{"label":"Bl\u00e4tterranken rosa","price":"","price_type":"flat_fee","image":11497,"visibility":true},{"label":"Kleine Kirschen mint","price":"","price_type":"flat_fee","image":11498,"visibility":true},{"label":"Birnen blush","price":"","price_type":"flat_fee","image":11494,"visibility":true},{"label":"3 Bl\u00fcmchen rosa","price":"","price_type":"flat_fee","image":11704,"visibility":true},{"label":"3 Bl\u00fcmchen grau","price":"","price_type":"flat_fee","image":11689,"visibility":true},{"label":"Stripes Babyblau","price":"","price_type":"flat_fee","image":11702,"visibility":true},{"label":"Stripes mustard","price":"","price_type":"flat_fee","image":11697,"visibility":true},{"label":"G\u00e4nse mint","price":"","price_type":"flat_fee","image":11740,"visibility":true},{"label":"Waldtiere dunkelblau","price":"","price_type":"flat_fee","image":11742,"visibility":true},{"label":"Wei\u00dfe Sterne auf jeansblau","price":"","price_type":"flat_fee","image":12091,"visibility":true},{"label":"Pusteblumen auf dunkelgrau","price":"","price_type":"flat_fee","image":11931,"visibility":true},{"label":"Pusteblumen auf taupe","price":"","price_type":"flat_fee","image":11932,"visibility":true},{"label":"Pusteblume altgr\u00fcn","price":"","price_type":"flat_fee","image":12013,"visibility":true},{"label":"Gans Senf","price":"","price_type":"flat_fee","image":12092,"visibility":true},{"label":"Gans Lachs","price":"","price_type":"flat_fee","image":12014,"visibility":true},{"label":"Sunrise rouge","price":"","price_type":"flat_fee","image":12016,"visibility":true},{"label":"Sunset wei\u00df","price":"","price_type":"flat_fee","image":12015,"visibility":true},{"label":"Kirschbl\u00fcten","price":"","price_type":"flat_fee","image":12017,"visibility":true},{"label":"Wei\u00dfe Bl\u00fcmchen auf dunkelblau","price":"","price_type":"flat_fee","image":13382,"visibility":true},{"label":"Schwarze Bl\u00fcmchen auf wei\u00df","price":"","price_type":"flat_fee","image":13383,"visibility":true},{"label":"Goldene Federn auf taupe","price":"","price_type":"flat_fee","image":12102,"visibility":true},{"label":"Tupfen auf Blush","price":"","price_type":"flat_fee","image":12101,"visibility":true},{"label":"Flowers gr\u00fcn","price":"","price_type":"flat_fee","image":12106,"visibility":true},{"label":"Leafs altrosa","price":"","price_type":"flat_fee","image":12108,"visibility":true},{"label":"Planeten","price":"","price_type":"flat_fee","image":12109,"visibility":true},{"label":"Tiny flowers auf wei\u00df","price":"","price_type":"flat_fee","image":12110,"visibility":true},{"label":"Ranken orange\/Creme","price":"","price_type":"flat_fee","image":12112,"visibility":true},{"label":"Hase Creme","price":"","price_type":"flat_fee","image":12122,"visibility":true},{"label":"Goldene Pusteblumen","price":"","price_type":"flat_fee","image":12123,"visibility":true},{"label":"Goldene Federn auf Rost","price":"","price_type":"flat_fee","image":12276,"visibility":true},{"label":"Zebra gr\u00fcn","price":"","price_type":"flat_fee","image":13384,"visibility":true},{"label":"Zebra wei\u00df","price":"","price_type":"flat_fee","image":13396,"visibility":true},{"label":"Wei\u00dfe Punkte auf gr\u00fcn","price":"","price_type":"flat_fee","image":12396,"visibility":true},{"label":"Zauberwald rosa","price":"","price_type":"flat_fee","image":12402,"visibility":true},{"label":"Birds soft salmon","price":"","price_type":"flat_fee","image":12398,"visibility":true},{"label":"Birds Creme","price":"","price_type":"flat_fee","image":12399,"visibility":true},{"label":"Birnen Creme","price":"","price_type":"flat_fee","image":12397,"visibility":true},{"label":"Leopard blau","price":"","price_type":"flat_fee","image":12403,"visibility":true},{"label":"Leopard taupe","price":"","price_type":"flat_fee","image":12405,"visibility":true},{"label":"Leopard Creme","price":"","price_type":"flat_fee","image":12404,"visibility":true},{"label":"Altrosa leomuster","price":"","price_type":"flat_fee","image":12406,"visibility":true},{"label":"Old blush","price":"","price_type":"flat_fee","image":12470,"visibility":true},{"label":"Old Lilac","price":"","price_type":"flat_fee","image":12472,"visibility":true},{"label":"Cognac","price":"","price_type":"flat_fee","image":12471,"visibility":true},{"label":"Erdbeeren auf wei\u00df","price":"","price_type":"flat_fee","image":13063,"visibility":true},{"label":"Pusteblumen grau","price":"","price_type":"flat_fee","image":13064,"visibility":true},{"label":"Dotty Sand","price":"","price_type":"flat_fee","image":13153,"visibility":true},{"label":"Dotty Rose blush","price":"","price_type":"flat_fee","image":13154,"visibility":true},{"label":"Dotty fresh mint","price":"","price_type":"flat_fee","image":13156,"visibility":true},{"label":"Hellgelb mit goldenen F\u00e4den","price":"","price_type":"flat_fee","image":13159,"visibility":true},{"label":"Rose mit goldenen F\u00e4den","price":"","price_type":"flat_fee","image":13158,"visibility":true},{"label":"Mint mit goldenen F\u00e4den","price":"","price_type":"flat_fee","image":13157,"visibility":true},{"label":"Orangen auf Creme","price":"","price_type":"flat_fee","image":13163,"visibility":true},{"label":"Orangen auf Navy","price":"","price_type":"flat_fee","image":13160,"visibility":true},{"label":"Gestickte Zitronen auf wei\u00df","price":"","price_type":"flat_fee","image":13162,"visibility":true},{"label":"Dotty weiss","price":"","price_type":"flat_fee","image":13297,"visibility":true},{"label":"Dotty Koralle","price":"","price_type":"flat_fee","image":13294,"visibility":true},{"label":"Dotty gr\u00fcn","price":"","price_type":"flat_fee","image":13295,"visibility":true},{"label":"Dotty candy","price":"","price_type":"flat_fee","image":13405,"visibility":true},{"label":"Goldene Punkte auf weiss","price":"","price_type":"flat_fee","image":13387,"visibility":true},{"label":"Streifen hellgrau wei\u00df","price":"","price_type":"flat_fee","image":13408,"visibility":true},{"label":"Tupfen auf Rost","price":"","price_type":"flat_fee","image":13410,"visibility":true},{"label":"Elefant gr\u00fcn musselin glatt","price":"","price_type":"flat_fee","image":13440,"visibility":true},{"label":"Elefant Rostrosa musselin glatt","price":"","price_type":"flat_fee","image":13441,"visibility":true},{"label":"Schmetterlinge auf Karamell","price":"","price_type":"flat_fee","image":13417,"visibility":true},{"label":"Regenbogen blush","price":"","price_type":"flat_fee","image":13416,"visibility":true},{"label":"Melonen auf wei\u00df","price":"","price_type":"flat_fee","image":13492,"visibility":true},{"label":"Zitronen wei\u00df","price":"","price_type":"flat_fee","image":13589,"visibility":true},{"label":"Kleine rote Erdbeeren","price":"","price_type":"flat_fee","image":13590,"visibility":true},{"label":"Olivenblatt","price":"","price_type":"flat_fee","image":13591,"visibility":true},{"label":"Dschungeltiere rosa","price":"","price_type":"flat_fee","image":13592,"visibility":true},{"label":"Dotty hellblau","price":"","price_type":"flat_fee","image":13593,"visibility":true},{"label":"Schwarze Tupfen auf Rost","price":"","price_type":"flat_fee","image":13778,"visibility":true},{"label":"Monstera Blatt Mint","price":"","price_type":"flat_fee","image":13779,"visibility":true},{"label":"Silberne Schmetterlinge auf hellblau","price":"","price_type":"flat_fee","image":13780,"visibility":true},{"label":"Silberne Schmetterlinge auf hellgrau","price":"","price_type":"flat_fee","image":13794,"visibility":true},{"label":"Shapes sun weiss","price":"","price_type":"flat_fee","image":13781,"visibility":true},{"label":"Eisb\u00e4r blau auf wei\u00df","price":"","price_type":"flat_fee","image":13795,"visibility":true},{"label":"Leomuster Blush","price":"","price_type":"flat_fee","image":13848,"visibility":true},{"label":"Leomuster Creme","price":"","price_type":"flat_fee","image":13849,"visibility":true},{"label":"Tulpen Creme","price":"","price_type":"flat_fee","image":13847,"visibility":true},{"label":"Birnen auf grau","price":"","price_type":"flat_fee","image":14336,"visibility":true},{"label":"Tulpen auf mint","price":"","price_type":"flat_fee","image":13853,"visibility":true},{"label":"Bunte Schmetterlinge auf Creme","price":"","price_type":"flat_fee","image":13851,"visibility":true},{"label":"Leo altrosa\/beige","price":"","price_type":"flat_fee","image":13850,"visibility":true},{"label":"Kleiner Leopard auf stahlblau","price":"","price_type":"flat_fee","image":13864,"visibility":true},{"label":"Gro\u00dfe Erdbeere auf Rose","price":"","price_type":"flat_fee","image":13937,"visibility":true},{"label":"Gro\u00dfe Erdbeeren auf pink","price":"","price_type":"flat_fee","image":13938,"visibility":true},{"label":"Palme auf creme","price":"","price_type":"flat_fee","image":13943,"visibility":true},{"label":"S\u00fc\u00dfe Hasen auf Creme","price":"","price_type":"flat_fee","image":13942,"visibility":true},{"label":"Kleine V\u00f6gel auf Creme","price":"","price_type":"flat_fee","image":13941,"visibility":true},{"label":"Fahrzeuge auf mint","price":"","price_type":"flat_fee","image":13940,"visibility":true},{"label":"Goldene Streifen auf lila","price":"","price_type":"flat_fee","image":14335,"visibility":true},{"label":"Uni Pfirsich","price":"","price_type":"flat_fee","image":14025,"visibility":true},{"label":"Wei\u00dfe Anker auf hellgrau","price":"","price_type":"flat_fee","image":14024,"visibility":true},{"label":"Erdbeeren auf grau","price":"","price_type":"flat_fee","image":14023,"visibility":true},{"label":"Boote creme","price":"","price_type":"flat_fee","image":14120,"visibility":true},{"label":"Wei\u00dfe Punkte auf senfgelb","price":"","price_type":"flat_fee","image":14329,"visibility":true},{"label":"K\u00fccken auf wei\u00df","price":"","price_type":"flat_fee","image":14119,"visibility":true},{"label":"Happysummer","price":"","price_type":"flat_fee","image":14118,"visibility":true},{"label":"Leo beige","price":"","price_type":"flat_fee","image":0,"visibility":true},{"label":"Leo Creme","price":"","price_type":"flat_fee","image":14784,"visibility":true},{"label":"Gro\u00dfe Zitronen auf creme","price":"","price_type":"flat_fee","image":14331,"visibility":true},{"label":"Herzen auf Creme","price":"","price_type":"flat_fee","image":14333,"visibility":true},{"label":"Herzen auf blush","price":"","price_type":"flat_fee","image":14332,"visibility":true},{"label":"Dots olive","price":"","price_type":"flat_fee","image":0,"visibility":true},{"label":"Leopard auf rost","price":"","price_type":"flat_fee","image":14327,"visibility":true},{"label":"Leopard auf olive","price":"","price_type":"flat_fee","image":14326,"visibility":true},{"label":"Krebs auf hellblau","price":"","price_type":"flat_fee","image":14330,"visibility":true},{"label":"Schildkr\u00f6te","price":"","price_type":"flat_fee","image":14337,"visibility":true},{"label":"Rote Herzen auf weiss","price":"","price_type":"flat_fee","image":14737,"visibility":true},{"label":"Muskat","price":"","price_type":"flat_fee","image":14736,"visibility":true},{"label":"G\u00e4nsebl\u00fcmchen auf Mint","price":"","price_type":"flat_fee","image":14782,"visibility":true},{"label":"Rote Herzen auf altrosa","price":"","price_type":"flat_fee","image":14783,"visibility":true},{"label":"Melonen auf rose","price":"","price_type":"flat_fee","image":14781,"visibility":true},{"label":"Walfisch","price":"","price_type":"flat_fee","image":14882,"visibility":true},{"label":"Einhorn","price":"","price_type":"flat_fee","image":14986,"visibility":true},{"label":"Wiesenblumen natur","price":"","price_type":"flat_fee","image":14987,"visibility":true},{"label":"Blatt Sand","price":"","price_type":"flat_fee","image":14989,"visibility":true},{"label":"Einzelne Bl\u00fcten rose","price":"","price_type":"flat_fee","image":14990,"visibility":true},{"label":"Schafe sand","price":"","price_type":"flat_fee","image":14993,"visibility":true},{"label":"Wei\u00dfe Punkte auf Sand","price":"","price_type":"flat_fee","image":14992,"visibility":true},{"label":"Wei\u00dfe Herzen auf Sand","price":"","price_type":"flat_fee","image":14994,"visibility":true},{"label":"kalt braun","price":"","price_type":"flat_fee","image":15480,"visibility":true},{"label":"G\u00e4nsebl\u00fcmchen auf rosa","price":"","price_type":"flat_fee","image":0,"visibility":true},{"label":"Dinos auf Creme","price":"","price_type":"flat_fee","image":15682,"visibility":true},{"label":"Palmen auf creme","price":"","price_type":"flat_fee","image":15685,"visibility":true},{"label":"Anker auf Rost","price":"","price_type":"flat_fee","image":15686,"visibility":true},{"label":"Kleine \u00c4pfel auf Creme","price":"","price_type":"flat_fee","image":15684,"visibility":true},{"label":"Apfel auf Mint","price":"","price_type":"flat_fee","image":0,"visibility":true},{"label":"Orange pink gestreift","price":"","price_type":"flat_fee","image":15689,"visibility":false},{"label":"Gr\u00fcn pink gestreift","price":"","price_type":"flat_fee","image":15688,"visibility":true},{"label":"Bunte Blumen auf Creme","price":"","price_type":"flat_fee","image":15683,"visibility":true},{"label":"Blaue Birnen auf Creme","price":"","price_type":"flat_fee","image":15728,"visibility":true},{"label":"Orangene Birnen auf Creme","price":"","price_type":"flat_fee","image":15727,"visibility":true},{"label":"Hunde auf Creme","price":"","price_type":"flat_fee","image":15729,"visibility":true},{"label":"Fische auf Creme","price":"","price_type":"flat_fee","image":0,"visibility":true}],"id":1676330923}],"jetpack_sharing_enabled":true,"_links":{"self":[{"href":"https:\/\/www.larali.at\/index.php?rest_route=\/wp\/v2\/product\/12141","targetHints":{"allow":["GET"]}}],"collection":[{"href":"https:\/\/www.larali.at\/index.php?rest_route=\/wp\/v2\/product"}],"about":[{"href":"https:\/\/www.larali.at\/index.php?rest_route=\/wp\/v2\/types\/product"}],"wp:featuredmedia":[{"embeddable":true,"href":"https:\/\/www.larali.at\/index.php?rest_route=\/wp\/v2\/media\/12145"}],"wp:attachment":[{"href":"https:\/\/www.larali.at\/index.php?rest_route=%2Fwp%2Fv2%2Fmedia&parent=12141"}],"wp:term":[{"taxonomy":"product_brand","embeddable":true,"href":"https:\/\/www.larali.at\/index.php?rest_route=%2Fwp%2Fv2%2Fproduct_brand&post=12141"},{"taxonomy":"product_cat","embeddable":true,"href":"https:\/\/www.larali.at\/index.php?rest_route=%2Fwp%2Fv2%2Fproduct_cat&post=12141"},{"taxonomy":"product_tag","embeddable":true,"href":"https:\/\/www.larali.at\/index.php?rest_route=%2Fwp%2Fv2%2Fproduct_tag&post=12141"}],"curies":[{"name":"wp","href":"https:\/\/api.w.org\/{rel}","templated":true}]}}