{"id":12611,"date":"2022-12-29T22:00:56","date_gmt":"2022-12-29T21:00:56","guid":{"rendered":"https:\/\/www.larali.at\/?post_type=product&#038;p=12611"},"modified":"2022-12-29T22:07:25","modified_gmt":"2022-12-29T21:07:25","slug":"wollwalk-muetze-zum-binden","status":"publish","type":"product","link":"https:\/\/www.larali.at\/?product=wollwalk-muetze-zum-binden","title":{"rendered":"Wollwalk M\u00fctze zum Binden"},"content":{"rendered":"<p>Tolle M\u00fctze aus Wollwalk, gef\u00fcttert mit Jersey!<\/p>\n","protected":false},"excerpt":{"rendered":"<p>Tolle M\u00fctze aus Wollwalk, gef\u00fcttert mit Jersey!<\/p>\n","protected":false},"featured_media":12610,"template":"","meta":{"advanced_seo_description":"","jetpack_seo_html_title":"","jetpack_seo_noindex":false},"product_brand":[],"product_cat":[29],"product_tag":[],"class_list":{"0":"post-12611","1":"product","2":"type-product","3":"status-publish","4":"has-post-thumbnail","6":"product_cat-wollwalk","8":"first","9":"instock","10":"purchasable","11":"product-type-variable"},"exclude_global_add_ons":false,"addons":[{"name":"Wollwalk","type":"multiple_choice","position":0,"required":true,"title_format":"label","default":"","description_enable":true,"description":"Das Material Wollwalk isoliert die W\u00e4rme, ist temperaturausgleichend, atmungsaktiv und wasserabweisend. Ausserdem ist die Wolle schmutzabweisend, antibakteriell und sehr strapazierf\u00e4hig.","placeholder_enable":false,"placeholder":"","display":"images","restrictions_type":"any_text","adjust_price":false,"price":"","price_type":"flat_fee","restrictions":false,"min":"0","max":"0","options":[{"label":"Grau","price":"","price_type":"flat_fee","image":1086,"visibility":true},{"label":"Rost","price":"","price_type":"flat_fee","image":15515,"visibility":true},{"label":"Bordeaux","price":"","price_type":"flat_fee","image":1088,"visibility":true},{"label":"Violett","price":"","price_type":"flat_fee","image":1602,"visibility":true},{"label":"Aubergine","price":"","price_type":"flat_fee","image":1601,"visibility":true},{"label":"altrosa","price":"","price_type":"flat_fee","image":15506,"visibility":true},{"label":"curry","price":"","price_type":"flat_fee","image":15511,"visibility":true},{"label":"Sand","price":"","price_type":"flat_fee","image":15500,"visibility":true},{"label":"Lavendel","price":"","price_type":"flat_fee","image":15501,"visibility":true},{"label":"dunkelblau","price":"","price_type":"flat_fee","image":15504,"visibility":true},{"label":"Mint","price":"","price_type":"flat_fee","image":15502,"visibility":true},{"label":"Rot","price":"","price_type":"flat_fee","image":15513,"visibility":true},{"label":"Anthrazit","price":"","price_type":"flat_fee","image":15507,"visibility":true},{"label":"Altrosa dunkel","price":"","price_type":"flat_fee","image":4803,"visibility":true},{"label":"kalt braun","price":"","price_type":"flat_fee","image":10465,"visibility":true},{"label":"Hellblau","price":"","price_type":"flat_fee","image":15512,"visibility":true},{"label":"Mittelgrau","price":"","price_type":"flat_fee","image":11491,"visibility":true},{"label":"Blush","price":"","price_type":"flat_fee","image":13587,"visibility":true},{"label":"Creme","price":"","price_type":"flat_fee","image":15518,"visibility":true},{"label":"Dunkel beige","price":"","price_type":"flat_fee","image":15519,"visibility":true},{"label":"Petrol","price":"","price_type":"flat_fee","image":15514,"visibility":true},{"label":"hellmauve","price":"","price_type":"flat_fee","image":15516,"visibility":true},{"label":"Hellbeige","price":"","price_type":"flat_fee","image":15499,"visibility":true}],"id":1695812610}],"jetpack_sharing_enabled":true,"_links":{"self":[{"href":"https:\/\/www.larali.at\/index.php?rest_route=\/wp\/v2\/product\/12611","targetHints":{"allow":["GET"]}}],"collection":[{"href":"https:\/\/www.larali.at\/index.php?rest_route=\/wp\/v2\/product"}],"about":[{"href":"https:\/\/www.larali.at\/index.php?rest_route=\/wp\/v2\/types\/product"}],"wp:featuredmedia":[{"embeddable":true,"href":"https:\/\/www.larali.at\/index.php?rest_route=\/wp\/v2\/media\/12610"}],"wp:attachment":[{"href":"https:\/\/www.larali.at\/index.php?rest_route=%2Fwp%2Fv2%2Fmedia&parent=12611"}],"wp:term":[{"taxonomy":"product_brand","embeddable":true,"href":"https:\/\/www.larali.at\/index.php?rest_route=%2Fwp%2Fv2%2Fproduct_brand&post=12611"},{"taxonomy":"product_cat","embeddable":true,"href":"https:\/\/www.larali.at\/index.php?rest_route=%2Fwp%2Fv2%2Fproduct_cat&post=12611"},{"taxonomy":"product_tag","embeddable":true,"href":"https:\/\/www.larali.at\/index.php?rest_route=%2Fwp%2Fv2%2Fproduct_tag&post=12611"}],"curies":[{"name":"wp","href":"https:\/\/api.w.org\/{rel}","templated":true}]}}