{"id":15442,"date":"2025-09-26T13:24:10","date_gmt":"2025-09-26T11:24:10","guid":{"rendered":"https:\/\/www.larali.at\/?post_type=product&#038;p=15442"},"modified":"2025-09-26T14:04:17","modified_gmt":"2025-09-26T12:04:17","slug":"teddy-stirnband-mit-motiv","status":"publish","type":"product","link":"https:\/\/www.larali.at\/?product=teddy-stirnband-mit-motiv","title":{"rendered":"Teddy Stirnband mit Motiv"},"content":{"rendered":"<p>Kuschelig weich und farbenfroh \u2013 dieses Stirnband aus hochwertigem Teddy-Stoff h\u00e4lt kleine und gro\u00dfe K\u00f6pfe  angenehm warm. Gef\u00fcttert mit angenehmen Baumwollripp Jersey. Das Material ist leicht elastisch und passt sich sanft an, ohne zu dr\u00fccken. Mit den verspielten bunten Motiven  wird jedes Outfit zum Hingucker. Perfekt f\u00fcr k\u00fchle Tage im Herbst und Winter \u2013 praktisch, bequem und s\u00fc\u00df zugleich.<\/p>\n","protected":false},"excerpt":{"rendered":"<p>Kuschelig weich und farbenfroh \u2013 dieses Stirnband aus hochwertigem Teddy-Stoff h\u00e4lt kleine und gro\u00dfe K\u00f6pfe angenehm warm. Gef\u00fcttert mit angenehmen Baumwollripp Jersey. Das Material ist leicht elastisch und passt sich [&hellip;]<\/p>\n","protected":false},"featured_media":15448,"template":"","meta":{"advanced_seo_description":"","jetpack_seo_html_title":"","jetpack_seo_noindex":false},"product_brand":[],"product_cat":[62],"product_tag":[],"class_list":{"0":"post-15442","1":"product","2":"type-product","3":"status-publish","4":"has-post-thumbnail","6":"product_cat-teddy-mit-muster","8":"first","9":"instock","10":"shipping-taxable","11":"purchasable","12":"product-type-variable"},"exclude_global_add_ons":false,"addons":[{"name":"Teddy mit Muster","type":"multiple_choice","position":0,"required":false,"title_format":"label","default":"","description_enable":false,"description":"","placeholder_enable":false,"placeholder":"","display":"images","restrictions_type":"any_text","adjust_price":false,"price":"","price_type":"flat_fee","restrictions":false,"min":"0","max":"0","options":[{"label":"Birne","price":"","price_type":"flat_fee","image":15415,"visibility":true},{"label":"Apfel","price":"","price_type":"flat_fee","image":15449,"visibility":true},{"label":"Hund","price":"","price_type":"flat_fee","image":15417,"visibility":true},{"label":"Leo","price":"","price_type":"flat_fee","image":0,"visibility":true},{"label":"Herz","price":"","price_type":"flat_fee","image":0,"visibility":true}],"id":1758894623}],"jetpack_sharing_enabled":true,"_links":{"self":[{"href":"https:\/\/www.larali.at\/index.php?rest_route=\/wp\/v2\/product\/15442","targetHints":{"allow":["GET"]}}],"collection":[{"href":"https:\/\/www.larali.at\/index.php?rest_route=\/wp\/v2\/product"}],"about":[{"href":"https:\/\/www.larali.at\/index.php?rest_route=\/wp\/v2\/types\/product"}],"wp:featuredmedia":[{"embeddable":true,"href":"https:\/\/www.larali.at\/index.php?rest_route=\/wp\/v2\/media\/15448"}],"wp:attachment":[{"href":"https:\/\/www.larali.at\/index.php?rest_route=%2Fwp%2Fv2%2Fmedia&parent=15442"}],"wp:term":[{"taxonomy":"product_brand","embeddable":true,"href":"https:\/\/www.larali.at\/index.php?rest_route=%2Fwp%2Fv2%2Fproduct_brand&post=15442"},{"taxonomy":"product_cat","embeddable":true,"href":"https:\/\/www.larali.at\/index.php?rest_route=%2Fwp%2Fv2%2Fproduct_cat&post=15442"},{"taxonomy":"product_tag","embeddable":true,"href":"https:\/\/www.larali.at\/index.php?rest_route=%2Fwp%2Fv2%2Fproduct_tag&post=15442"}],"curies":[{"name":"wp","href":"https:\/\/api.w.org\/{rel}","templated":true}]}}