{"id":5463,"date":"2019-12-26T13:37:19","date_gmt":"2019-12-26T12:37:19","guid":{"rendered":"https:\/\/www.larali.at\/?post_type=product&#038;p=5463"},"modified":"2020-11-06T12:32:41","modified_gmt":"2020-11-06T11:32:41","slug":"schlupfmuetze-polarfleece","status":"publish","type":"product","link":"https:\/\/www.larali.at\/?product=schlupfmuetze-polarfleece","title":{"rendered":"Schlupfm\u00fctze Polarfleece"},"content":{"rendered":"","protected":false},"excerpt":{"rendered":"<p>Mit dieser h\u00fcbschen Schlupfm\u00fctze aus doppelt Polarfleece l\u00e4sst es sich bestens im Schnee toben. Kopf und Hals bleiben sch\u00f6n warm.<\/p>\n<p><strong>Pflegehinweise <\/strong><\/p>\n<ul>\n<li>waschbar bei 40 Grad<\/li>\n<li>nicht Schleudern<\/li>\n<li>nicht am Bommel ziehen<\/li>\n<\/ul>\n<p><strong>Stoff: <\/strong><\/p>\n<ul>\n<li>100% Polyester<\/li>\n<\/ul>\n","protected":false},"featured_media":5464,"template":"","meta":{"advanced_seo_description":"","jetpack_seo_html_title":"","jetpack_seo_noindex":false},"product_brand":[],"product_cat":[15],"product_tag":[],"class_list":{"0":"post-5463","1":"product","2":"type-product","3":"status-publish","4":"has-post-thumbnail","6":"product_cat-unkategorisiert","8":"first","9":"instock","10":"purchasable","11":"product-type-simple"},"exclude_global_add_ons":false,"addons":{"0":{"name":"Polarfleece innen","type":"multiple_choice","position":0,"required":false,"title_format":"label","default":"","description_enable":false,"description":"","placeholder_enable":false,"placeholder":"","display":"images","restrictions_type":"any_text","adjust_price":false,"price":"","price_type":"flat_fee","restrictions":false,"min":"0","max":"0","options":[{"label":"Altrosa","price":"","price_type":"flat_fee","image":6151,"visibility":true},{"label":"Rot","price":"","price_type":"flat_fee","image":4807,"visibility":true},{"label":"Bordeaux","price":"","price_type":"flat_fee","image":4806,"visibility":true},{"label":"Stahlblau","price":"","price_type":"flat_fee","image":4805,"visibility":true},{"label":"Altrosa Mittel","price":"","price_type":"flat_fee","image":4803,"visibility":true},{"label":"Mintgr\u00fcn","price":"","price_type":"flat_fee","image":6150,"visibility":true},{"label":"Mint hell","price":"","price_type":"flat_fee","image":6152,"visibility":true},{"label":"Grau","price":"","price_type":"flat_fee","image":6143,"visibility":true},{"label":"Senf","price":"","price_type":"flat_fee","image":6142,"visibility":true},{"label":"Anthrazit","price":"","price_type":"flat_fee","image":4039,"visibility":true},{"label":"T\u00fcrkis","price":"","price_type":"flat_fee","image":1675,"visibility":true},{"label":"Petrol","price":"","price_type":"flat_fee","image":1673,"visibility":true},{"label":"Rost","price":"","price_type":"flat_fee","image":6146,"visibility":true},{"label":"Beige","price":"","price_type":"flat_fee","image":6153,"visibility":true}]},"2":{"name":"Bommelfarbe","type":"multiple_choice","position":1,"required":false,"title_format":"label","default":"","description_enable":false,"description":"","placeholder_enable":false,"placeholder":"","display":"images","restrictions_type":"any_text","adjust_price":false,"price":"","price_type":"flat_fee","restrictions":false,"min":"0","max":"0","options":[{"label":"wei\u00df","price":"","price_type":"flat_fee","image":6171,"visibility":true},{"label":"powder","price":"","price_type":"flat_fee","image":6173,"visibility":true},{"label":"Altrosa","price":"","price_type":"flat_fee","image":6172,"visibility":true},{"label":"altrosa dunkel","price":"","price_type":"flat_fee","image":6174,"visibility":true},{"label":"pink","price":"","price_type":"flat_fee","image":6175,"visibility":true},{"label":"neon pink","price":"","price_type":"flat_fee","image":6177,"visibility":true},{"label":"Bordeaux","price":"","price_type":"flat_fee","image":6176,"visibility":true},{"label":"aubergine","price":"","price_type":"flat_fee","image":6178,"visibility":true},{"label":"rot","price":"","price_type":"flat_fee","image":6179,"visibility":true},{"label":"Mint","price":"","price_type":"flat_fee","image":6180,"visibility":true},{"label":"Blau","price":"","price_type":"flat_fee","image":6181,"visibility":true},{"label":"Dunkelgr\u00fcn","price":"","price_type":"flat_fee","image":6182,"visibility":true},{"label":"Senf","price":"","price_type":"flat_fee","image":6184,"visibility":true},{"label":"Grau","price":"","price_type":"flat_fee","image":6182,"visibility":true}]},"3":{"name":"Polarfleece aussen","type":"multiple_choice","position":2,"required":false,"title_format":"label","default":"","description_enable":false,"description":"","placeholder_enable":false,"placeholder":"","display":"images","restrictions_type":"any_text","adjust_price":false,"price":"","price_type":"flat_fee","restrictions":false,"min":"0","max":"0","options":[{"label":"Altrosa","price":"","price_type":"flat_fee","image":1616,"visibility":true},{"label":"Rot","price":"","price_type":"flat_fee","image":5705,"visibility":true},{"label":"Bordeaux","price":"","price_type":"flat_fee","image":4806,"visibility":true},{"label":"Stahlblau","price":"","price_type":"flat_fee","image":4805,"visibility":true},{"label":"Altrosa Mittel","price":"","price_type":"flat_fee","image":5704,"visibility":true},{"label":"Mintgr\u00fcn","price":"","price_type":"flat_fee","image":1687,"visibility":true},{"label":"Mint hell","price":"","price_type":"flat_fee","image":5707,"visibility":true},{"label":"Grau","price":"","price_type":"flat_fee","image":2236,"visibility":true},{"label":"Senf","price":"","price_type":"flat_fee","image":1679,"visibility":true},{"label":"Anthrazit","price":"","price_type":"flat_fee","image":1680,"visibility":true},{"label":"T\u00fcrkis","price":"","price_type":"flat_fee","image":1675,"visibility":true},{"label":"Petrol","price":"","price_type":"flat_fee","image":1673,"visibility":true},{"label":"Rost","price":"","price_type":"flat_fee","image":1694,"visibility":true},{"label":"Beige","price":"","price_type":"flat_fee","image":5708,"visibility":true}]},"1":{"name":"Gr\u00f6\u00dfe","type":"multiple_choice","position":3,"required":true,"title_format":"label","default":"","description_enable":false,"description":"","placeholder_enable":false,"placeholder":"","display":"images","restrictions_type":"any_text","adjust_price":false,"price":"","price_type":"flat_fee","restrictions":false,"min":"0","max":"0","options":[{"label":"Kopfumfang 40 bis 43 cm","price":"","price_type":"flat_fee","image":4144,"visibility":true},{"label":"Kopfumfang 44 bis 47 cm","price":"","price_type":"flat_fee","image":4141,"visibility":true},{"label":"Kopfumfang 48 bis 52 cm","price":"","price_type":"flat_fee","image":4142,"visibility":true},{"label":"Kopfumfang 53 bis 57 cm","price":"","price_type":"flat_fee","image":4143,"visibility":true}]}},"jetpack_sharing_enabled":true,"_links":{"self":[{"href":"https:\/\/www.larali.at\/index.php?rest_route=\/wp\/v2\/product\/5463","targetHints":{"allow":["GET"]}}],"collection":[{"href":"https:\/\/www.larali.at\/index.php?rest_route=\/wp\/v2\/product"}],"about":[{"href":"https:\/\/www.larali.at\/index.php?rest_route=\/wp\/v2\/types\/product"}],"wp:featuredmedia":[{"embeddable":true,"href":"https:\/\/www.larali.at\/index.php?rest_route=\/wp\/v2\/media\/5464"}],"wp:attachment":[{"href":"https:\/\/www.larali.at\/index.php?rest_route=%2Fwp%2Fv2%2Fmedia&parent=5463"}],"wp:term":[{"taxonomy":"product_brand","embeddable":true,"href":"https:\/\/www.larali.at\/index.php?rest_route=%2Fwp%2Fv2%2Fproduct_brand&post=5463"},{"taxonomy":"product_cat","embeddable":true,"href":"https:\/\/www.larali.at\/index.php?rest_route=%2Fwp%2Fv2%2Fproduct_cat&post=5463"},{"taxonomy":"product_tag","embeddable":true,"href":"https:\/\/www.larali.at\/index.php?rest_route=%2Fwp%2Fv2%2Fproduct_tag&post=5463"}],"curies":[{"name":"wp","href":"https:\/\/api.w.org\/{rel}","templated":true}]}}